{"id":4639,"date":"2019-02-20T22:10:38","date_gmt":"2019-02-20T22:10:38","guid":{"rendered":"https:\/\/test8.rachid.digital\/?post_type=product&#038;p=4639"},"modified":"2022-03-10T23:47:02","modified_gmt":"2022-03-10T23:47:02","slug":"magister-2-groupesemi-automatique","status":"publish","type":"product","link":"https:\/\/icecafe.ma\/ar\/shop\/machine-a-cafe-ice-cafe-meknes\/magister-2-groupesemi-automatique\/","title":{"rendered":"Magister 2 Groupe Semi-Automatique"},"content":{"rendered":"<p>Machine \u00e0 caf\u00e9 semi-automatique avec d\u00e9bit continu<\/p>\n<ul>\n<li>Carrosserie en acier inox<\/li>\n<li>-<\/li>\n<li>Auto-niveau \u00e9lectronique<\/li>\n<li>Niveau visible avec 2 led<\/li>\n<li>Panneau commande manuel<\/li>\n<li>Thermostat de s\u00e9curit\u00e9 partie \u00e9lectrique<\/li>\n<li>Lance eau a bouton<\/li>\n<li>Deux lances vapeur<\/li>\n<\/ul>","protected":false},"excerpt":{"rendered":"Machine \u00e0 caf\u00e9 semi-automatique avec d\u00e9bit continu\r\n<ul>\r\n \t<li>Carrosserie en acier inox<\/li>\r\n \t<li>-<\/li>\r\n \t<li>Auto-niveau \u00e9lectronique<\/li>\r\n \t<li>Niveau visible avec 2 led<\/li>\r\n \t<li>Panneau commande manuel<\/li>\r\n \t<li>Thermostat de s\u00e9curit\u00e9 partie \u00e9lectrique<\/li>\r\n \t<li>Lance eau a bouton<\/li>\r\n \t<li>Deux lances vapeur<\/li>\r\n<\/ul>","protected":false},"featured_media":5190,"template":"","meta":{"_mi_skip_tracking":false},"product_cat":[55],"product_tag":[],"class_list":["post-4639","product","type-product","status-publish","has-post-thumbnail","hentry","product_cat-machine-a-cafe-ice-cafe-meknes"],"aioseo_notices":[],"_links":{"self":[{"href":"https:\/\/icecafe.ma\/ar\/wp-json\/wp\/v2\/product\/4639","targetHints":{"allow":["GET"]}}],"collection":[{"href":"https:\/\/icecafe.ma\/ar\/wp-json\/wp\/v2\/product"}],"about":[{"href":"https:\/\/icecafe.ma\/ar\/wp-json\/wp\/v2\/types\/product"}],"wp:featuredmedia":[{"embeddable":true,"href":"https:\/\/icecafe.ma\/ar\/wp-json\/wp\/v2\/media\/5190"}],"wp:attachment":[{"href":"https:\/\/icecafe.ma\/ar\/wp-json\/wp\/v2\/media?parent=4639"}],"wp:term":[{"taxonomy":"product_cat","embeddable":true,"href":"https:\/\/icecafe.ma\/ar\/wp-json\/wp\/v2\/product_cat?post=4639"},{"taxonomy":"product_tag","embeddable":true,"href":"https:\/\/icecafe.ma\/ar\/wp-json\/wp\/v2\/product_tag?post=4639"}],"curies":[{"name":"wp","href":"https:\/\/api.w.org\/{rel}","templated":true}]}}