{"id":4638,"date":"2019-02-20T22:09:59","date_gmt":"2019-02-20T22:09:59","guid":{"rendered":"https:\/\/test8.rachid.digital\/?post_type=product&#038;p=4638"},"modified":"2022-03-16T02:29:45","modified_gmt":"2022-03-16T02:29:45","slug":"magister-3-groupe-semi-automatique","status":"publish","type":"product","link":"https:\/\/icecafe.ma\/ar\/shop\/machine-a-cafe-ice-cafe-meknes\/magister-3-groupe-semi-automatique\/","title":{"rendered":"Magister 3 Groupe Semi-Automatique"},"content":{"rendered":"<p>Machine \u00e0 caf\u00e9 semi-automatique avec d\u00e9bit continu.<br \/>\nDisponible dans les mod\u00e8les KMS60 1 groupe, KMS70 2 groupes compacte, KMS100 2, 3, 4 groupes.<\/p>\n<ul>\n<li>Carrosserie en acier inox AISI 304 \u2013 18\/8 miroir poli<\/li>\n<li>-<\/li>\n<li>Panneau commande manuel<\/li>\n<li>Auto-niveau \u00e9lectronique<\/li>\n<li>Lance eau a bouton<\/li>\n<li>Thermostat de s\u00e9curit\u00e9 partie \u00e9lectrique<\/li>\n<li>Sur les machines 2 et 3 groupes est disponible la version \u00ab\u00a0High Group\u00a0\u00bb pour l\u2019utilisation de verres jusqu\u2019\u00e0 185 mm<\/li>\n<\/ul>","protected":false},"excerpt":{"rendered":"Machine \u00e0 caf\u00e9 semi-automatique avec d\u00e9bit continu.\r\nDisponible dans les mod\u00e8les KMS60 1 groupe, KMS70 2 groupes compacte, KMS100 2, 3, 4 groupes.\r\n<ul>\r\n \t<li>Carrosserie en acier inox AISI 304 \u2013 18\/8 miroir poli<\/li>\r\n \t<li>-<\/li>\r\n \t<li>Panneau commande manuel<\/li>\r\n \t<li>Auto-niveau \u00e9lectronique<\/li>\r\n \t<li>Lance eau a bouton<\/li>\r\n \t<li>Thermostat de s\u00e9curit\u00e9 partie \u00e9lectrique<\/li>\r\n \t<li>Sur les machines 2 et 3 groupes est disponible la version \u00ab\u00a0High Group\u00a0\u00bb pour l\u2019utilisation de verres jusqu\u2019\u00e0 185 mm<\/li>\r\n<\/ul>","protected":false},"featured_media":5398,"template":"","meta":{"_mi_skip_tracking":false},"product_cat":[55],"product_tag":[],"class_list":["post-4638","product","type-product","status-publish","has-post-thumbnail","hentry","product_cat-machine-a-cafe-ice-cafe-meknes"],"aioseo_notices":[],"_links":{"self":[{"href":"https:\/\/icecafe.ma\/ar\/wp-json\/wp\/v2\/product\/4638","targetHints":{"allow":["GET"]}}],"collection":[{"href":"https:\/\/icecafe.ma\/ar\/wp-json\/wp\/v2\/product"}],"about":[{"href":"https:\/\/icecafe.ma\/ar\/wp-json\/wp\/v2\/types\/product"}],"wp:featuredmedia":[{"embeddable":true,"href":"https:\/\/icecafe.ma\/ar\/wp-json\/wp\/v2\/media\/5398"}],"wp:attachment":[{"href":"https:\/\/icecafe.ma\/ar\/wp-json\/wp\/v2\/media?parent=4638"}],"wp:term":[{"taxonomy":"product_cat","embeddable":true,"href":"https:\/\/icecafe.ma\/ar\/wp-json\/wp\/v2\/product_cat?post=4638"},{"taxonomy":"product_tag","embeddable":true,"href":"https:\/\/icecafe.ma\/ar\/wp-json\/wp\/v2\/product_tag?post=4638"}],"curies":[{"name":"wp","href":"https:\/\/api.w.org\/{rel}","templated":true}]}}