{"id":438,"date":"2020-05-09T11:18:09","date_gmt":"2020-05-09T11:18:09","guid":{"rendered":"http:\/\/redhost:8888\/amaya\/?post_type=product&#038;p=438"},"modified":"2022-03-12T03:20:39","modified_gmt":"2022-03-12T03:20:39","slug":"cafe-moulu-arabica-robusta-tradition","status":"publish","type":"product","link":"https:\/\/icecafe.ma\/ar\/shop\/cafe-moulu\/cafe-moulu-arabica-robusta-tradition\/","title":{"rendered":"\u0642\u0647\u0648\u0629 \u0645\u0637\u062d\u0648\u0646\u0629 Tradition"},"content":{"rendered":"<p>ice caf\u00e9 \u064a\u0642\u062f\u0645 \u0644\u0643 \u0642\u0647\u0648\u0629 \u0645\u0637\u062d\u0648\u0646\u0629 \u062a\u0642\u0644\u064a\u062f\u064a\u0629: \u0628\u0646 \u0645\u0637\u062d\u0648\u0646 \u062a\u0642\u0644\u064a\u062f\u064a 125 \u062c\u0645 | 250 \u062c\u0631\u0627\u0645<\/p>\n<p class=\" translation-block\">\u0647\u0630\u0627 \u0627\u0644\u0645\u0632\u064a\u062c \u0639\u0628\u0627\u0631\u0629 \u0639\u0646 \u0642\u0647\u0648\u0629 \u0633\u0631\u064a\u0639\u0629 \u0627\u0644\u062a\u062d\u0636\u064a\u0631 \u062a\u0648\u0641\u0631 \u0627\u0644\u062a\u0648\u0627\u0632\u0646 \u0627\u0644\u0635\u062d\u064a\u062d \u0628\u064a\u0646 \u062d\u064a\u0648\u064a\u0629 \u0627\u0644\u0642\u0647\u0648\u0629 \u0627\u0644\u0645\u062d\u0645\u0635\u0629 \u0627\u0644\u062e\u0641\u064a\u0641\u0629 \u0648\u0627\u0644\u0645\u0643\u0648\u0646\u0627\u062a \u0627\u0644\u062e\u0634\u0628\u064a\u0629 \u0627\u0644\u0633\u062e\u064a\u0629 \u0644\u0644\u0642\u0647\u0648\u0629 \u0627\u0644\u0645\u062d\u0645\u0635\u0629 \u0627\u0644\u062f\u0627\u0643\u0646\u0629.<\/p>","protected":false},"excerpt":{"rendered":"<strong>\u0642\u0647\u0648\u0629 \u0645\u0637\u062d\u0648\u0646\u0629 Tradition<\/strong> ce m\u00e9lange est un caf\u00e9 instantan\u00e9 qui offre un juste accord entre la vivacit\u00e9 du caf\u00e9 de torr\u00e9faction l\u00e9g\u00e8re et les notes g\u00e9n\u00e9reusement bois\u00e9es du caf\u00e9 de torr\u00e9faction fonc\u00e9e.","protected":false},"featured_media":4342,"template":"","meta":{"_mi_skip_tracking":false},"product_cat":[53],"product_tag":[],"class_list":["post-438","product","type-product","status-publish","has-post-thumbnail","hentry","product_cat-cafe-moulu"],"aioseo_notices":[],"_links":{"self":[{"href":"https:\/\/icecafe.ma\/ar\/wp-json\/wp\/v2\/product\/438","targetHints":{"allow":["GET"]}}],"collection":[{"href":"https:\/\/icecafe.ma\/ar\/wp-json\/wp\/v2\/product"}],"about":[{"href":"https:\/\/icecafe.ma\/ar\/wp-json\/wp\/v2\/types\/product"}],"wp:featuredmedia":[{"embeddable":true,"href":"https:\/\/icecafe.ma\/ar\/wp-json\/wp\/v2\/media\/4342"}],"wp:attachment":[{"href":"https:\/\/icecafe.ma\/ar\/wp-json\/wp\/v2\/media?parent=438"}],"wp:term":[{"taxonomy":"product_cat","embeddable":true,"href":"https:\/\/icecafe.ma\/ar\/wp-json\/wp\/v2\/product_cat?post=438"},{"taxonomy":"product_tag","embeddable":true,"href":"https:\/\/icecafe.ma\/ar\/wp-json\/wp\/v2\/product_tag?post=438"}],"curies":[{"name":"wp","href":"https:\/\/api.w.org\/{rel}","templated":true}]}}