{"id":431,"date":"2021-08-21T07:13:37","date_gmt":"2021-08-21T07:13:37","guid":{"rendered":"http:\/\/redhost:8888\/amaya\/?post_type=product&#038;p=431"},"modified":"2026-04-10T23:37:48","modified_gmt":"2026-04-10T23:37:48","slug":"dante-approvato","status":"publish","type":"product","link":"https:\/\/icecafe.ma\/ar\/shop\/cafe-dante\/dante-approvato\/","title":{"rendered":"\u062f\u0627\u0646\u062a\u064a Approvato"},"content":{"rendered":"<p><strong>\u062f\u0627\u0646\u062a\u064a Approvato<\/strong>\u0628\u0641\u0636\u0644 \u062a\u062c\u0631\u0628\u0629 ICE CAFE \u0641\u064a \u0627\u062e\u062a\u064a\u0627\u0631 \u0623\u0641\u0636\u0644 \u062d\u0628\u0648\u0628 \u0627\u0644\u0628\u0646 \u0645\u0646 \u0623\u0645\u0631\u064a\u0643\u0627 \u0627\u0644\u0644\u0627\u062a\u064a\u0646\u064a\u0629 \u060c \u0648\u0627\u0644\u062a\u062d\u0645\u064a\u0635 \u0644\u0641\u062a\u0631\u0629 \u0623\u0637\u0648\u0644 \u060c \u064a\u0633\u062a\u0639\u064a\u062f \u0627\u0644\u0625\u0633\u0628\u0631\u064a\u0633\u0648 \u0627\u0644\u0625\u064a\u0637\u0627\u0644\u064a \u0627\u0644\u062a\u0642\u0644\u064a\u062f\u064a \u0646\u0643\u0647\u062a\u0647 \u0627\u0644\u0643\u0627\u0645\u0644\u0629 \u0648 \"\u0627\u0644\u0643\u0631\u064a\u0645\u0629\" \u0627\u0644\u0630\u0647\u0628\u064a\u0629 \u0627\u0644\u062c\u0645\u064a\u0644\u0629. \u0644\u0645\u062d\u0628\u064a \u0627\u0644\u0625\u0633\u0628\u0631\u064a\u0633\u0648 \u0627\u0644\u062a\u0642\u0644\u064a\u062f\u064a\u064a\u0646 \u0648\u0623\u064a \u0634\u062e\u0635 \u064a\u0631\u064a\u062f \u062a\u062c\u0631\u0628\u0629 \u0627\u0644\u0642\u0647\u0648\u0629 \u0627\u0644\u0625\u064a\u0637\u0627\u0644\u064a\u0629 \u0627\u0644\u0623\u0635\u064a\u0644\u0629.<\/p>","protected":false},"excerpt":{"rendered":"Gr\u00e2ce \u00e0 l'exp\u00e9rience de ICE CAFE dans la s\u00e9lection des meilleurs grains de caf\u00e9 d'Am\u00e9rique latine","protected":false},"featured_media":5229,"template":"","meta":{"_mi_skip_tracking":false},"product_cat":[40],"product_tag":[],"class_list":["post-431","product","type-product","status-publish","has-post-thumbnail","hentry","product_cat-cafe-dante"],"aioseo_notices":[],"_links":{"self":[{"href":"https:\/\/icecafe.ma\/ar\/wp-json\/wp\/v2\/product\/431","targetHints":{"allow":["GET"]}}],"collection":[{"href":"https:\/\/icecafe.ma\/ar\/wp-json\/wp\/v2\/product"}],"about":[{"href":"https:\/\/icecafe.ma\/ar\/wp-json\/wp\/v2\/types\/product"}],"wp:featuredmedia":[{"embeddable":true,"href":"https:\/\/icecafe.ma\/ar\/wp-json\/wp\/v2\/media\/5229"}],"wp:attachment":[{"href":"https:\/\/icecafe.ma\/ar\/wp-json\/wp\/v2\/media?parent=431"}],"wp:term":[{"taxonomy":"product_cat","embeddable":true,"href":"https:\/\/icecafe.ma\/ar\/wp-json\/wp\/v2\/product_cat?post=431"},{"taxonomy":"product_tag","embeddable":true,"href":"https:\/\/icecafe.ma\/ar\/wp-json\/wp\/v2\/product_tag?post=431"}],"curies":[{"name":"wp","href":"https:\/\/api.w.org\/{rel}","templated":true}]}}