{"id":424,"date":"2021-08-15T10:20:43","date_gmt":"2021-08-15T10:20:43","guid":{"rendered":"http:\/\/redhost:8888\/amaya\/?post_type=product&#038;p=424"},"modified":"2022-03-11T02:54:13","modified_gmt":"2022-03-11T02:54:13","slug":"dante-classico","status":"publish","type":"product","link":"https:\/\/icecafe.ma\/ar\/shop\/cafe-dante\/dante-classico\/","title":{"rendered":"\u062f\u0627\u0646\u062a\u064a classico"},"content":{"rendered":"<p>ice caf\u00e9 \u064a\u0642\u062f\u0645 \u0644\u0643  \u062f\u0627\u0646\u062a\u064a \u0643\u0644\u0627\u0633\u064a\u0643\u0648\u0627 \u0642\u0647\u0648\u0629 \u0627\u0633\u0628\u0631\u064a\u0633\u0648:  1Kg<\/p>\n<p><strong>DANTE Classico<\/strong>\u062c\u0628\u0646\u0627 \u0627\u0644\u0623\u0631\u0636 \u0643\u0644\u0647\u0627 \u0628\u062d\u062a\u0627 \u0639\u0646 \u0623\u0641\u0635\u0644 \u0623\u0646\u0648\u0627\u0639 \u0627\u0644\u0642\u0647\u0648\u0629 \u0648\u062e\u062a\u0631\u0646\u0627 \u0628\u0639\u0646\u0627\u064a\u0629 \u0623\u062c\u0648\u062f \u062d\u0628\u0648\u0628  \u0627\u0644\u0623\u0631\u0627\u0628\u064a\u0643\u0627 \u0627\u0644\u0639\u0636\u0648\u064a\u0629 \u0627\u0644\u0645\u0646\u062a\u0642\u0627\u0629 \u0628\u0639\u0646\u0627\u064a\u0629. \u0645\u0632\u064a\u062c \u0631\u0642\u064a\u0642 \u0648\u0641\u0627\u0643\u0647\u064a \u064a\u062f\u0648\u0645 \u0644\u0627\u0637\u0648\u0644 \u0645\u062f\u0629<\/p>","protected":false},"excerpt":{"rendered":"<strong>\u062f\u0627\u0646\u062a\u064a classico<\/strong>: ICE CAFE Voix de la Terre for Plante est une s\u00e9lection raffin\u00e9e d'Arabica biologique cueilli \u00e0 la main. Un assemblage subtil et fruit\u00e9 dot\u00e9 d'une persistance forte sur la dur\u00e9e.","protected":false},"featured_media":5154,"template":"","meta":{"_mi_skip_tracking":false},"product_cat":[40],"product_tag":[],"class_list":["post-424","product","type-product","status-publish","has-post-thumbnail","hentry","product_cat-cafe-dante"],"aioseo_notices":[],"_links":{"self":[{"href":"https:\/\/icecafe.ma\/ar\/wp-json\/wp\/v2\/product\/424","targetHints":{"allow":["GET"]}}],"collection":[{"href":"https:\/\/icecafe.ma\/ar\/wp-json\/wp\/v2\/product"}],"about":[{"href":"https:\/\/icecafe.ma\/ar\/wp-json\/wp\/v2\/types\/product"}],"wp:featuredmedia":[{"embeddable":true,"href":"https:\/\/icecafe.ma\/ar\/wp-json\/wp\/v2\/media\/5154"}],"wp:attachment":[{"href":"https:\/\/icecafe.ma\/ar\/wp-json\/wp\/v2\/media?parent=424"}],"wp:term":[{"taxonomy":"product_cat","embeddable":true,"href":"https:\/\/icecafe.ma\/ar\/wp-json\/wp\/v2\/product_cat?post=424"},{"taxonomy":"product_tag","embeddable":true,"href":"https:\/\/icecafe.ma\/ar\/wp-json\/wp\/v2\/product_tag?post=424"}],"curies":[{"name":"wp","href":"https:\/\/api.w.org\/{rel}","templated":true}]}}