{"id":417,"date":"2021-08-17T11:04:45","date_gmt":"2021-08-17T11:04:45","guid":{"rendered":"http:\/\/redhost:8888\/amaya\/?post_type=product&#038;p=417"},"modified":"2022-03-11T02:53:40","modified_gmt":"2022-03-11T02:53:40","slug":"dante-antica","status":"publish","type":"product","link":"https:\/\/icecafe.ma\/ar\/shop\/cafe-dante\/dante-antica\/","title":{"rendered":"\u062f\u0627\u0646\u062a\u064a Antica"},"content":{"rendered":"<p>-<\/p>\n<p>\u0644\u0644\u062d\u0635\u0648\u0644 \u0639\u0644\u0649 \u0647\u0630\u0647 \u0627\u0644\u0642\u0647\u0648\u0629 \u0627\u0644\u0642\u0648\u064a\u0629 \u0648\u0627\u0644\u0645\u062e\u0645\u0644\u064a\u0629 \u060c \u0623\u064a\u0633 \u0643\u0627\u0641\u064a \u0648\u0636\u0639\u062a \u0643\u0644 \u062e\u0628\u0631\u062a\u0647\u0627 \u0641\u064a \u0627\u062e\u062a\u064a\u0627\u0631 \u0623\u0641\u0636\u0644 \u062d\u0628\u0648\u0628 \u060c \u0648\u0627\u0644\u062c\u0645\u0639 \u0628\u064a\u0646 \u0623\u0641\u0636\u0644 \u0623\u0646\u0648\u0627\u0639 \u0627\u0644\u0631\u0648\u0628\u0648\u0633\u062a\u0627 \u0645\u0646 \u0622\u0633\u064a\u0627 \u0648\u0623\u0641\u0631\u064a\u0642\u064a\u0627 \u0628\u0639\u0646\u0627\u064a\u0629. \u0645\u0646 \u0623\u062c\u0644 \u0642\u0647\u0648\u0629 \u063a\u0646\u064a\u0629 \u0628\u0627\u0644\u0631\u0648\u0627\u0626\u062d \u0648 \u0627\u0644\u0645\u0630\u0627\u0642.<\/p>","protected":false},"excerpt":{"rendered":"<strong>\u062f\u0627\u0646\u062a\u064a Antica<\/strong>: Pour ce caf\u00e9 intense et velout\u00e9, retrouvez toute l'expertise de ICE CAFE dans la s\u00e9lection des meilleures origines, associant avec soin les robustas les plus fins d'Asie et d'Afrique. On obtient ainsi un caf\u00e9 riche en ar\u00f4mes.","protected":false},"featured_media":5156,"template":"","meta":{"_mi_skip_tracking":false},"product_cat":[40],"product_tag":[],"class_list":["post-417","product","type-product","status-publish","has-post-thumbnail","hentry","product_cat-cafe-dante"],"aioseo_notices":[],"_links":{"self":[{"href":"https:\/\/icecafe.ma\/ar\/wp-json\/wp\/v2\/product\/417","targetHints":{"allow":["GET"]}}],"collection":[{"href":"https:\/\/icecafe.ma\/ar\/wp-json\/wp\/v2\/product"}],"about":[{"href":"https:\/\/icecafe.ma\/ar\/wp-json\/wp\/v2\/types\/product"}],"wp:featuredmedia":[{"embeddable":true,"href":"https:\/\/icecafe.ma\/ar\/wp-json\/wp\/v2\/media\/5156"}],"wp:attachment":[{"href":"https:\/\/icecafe.ma\/ar\/wp-json\/wp\/v2\/media?parent=417"}],"wp:term":[{"taxonomy":"product_cat","embeddable":true,"href":"https:\/\/icecafe.ma\/ar\/wp-json\/wp\/v2\/product_cat?post=417"},{"taxonomy":"product_tag","embeddable":true,"href":"https:\/\/icecafe.ma\/ar\/wp-json\/wp\/v2\/product_tag?post=417"}],"curies":[{"name":"wp","href":"https:\/\/api.w.org\/{rel}","templated":true}]}}