{"id":405,"date":"2021-08-19T10:30:48","date_gmt":"2021-08-19T10:30:48","guid":{"rendered":"http:\/\/redhost:8888\/amaya\/?post_type=product&#038;p=405"},"modified":"2022-03-11T04:20:00","modified_gmt":"2022-03-11T04:20:00","slug":"dante-strega","status":"publish","type":"product","link":"https:\/\/icecafe.ma\/ar\/shop\/cafe-dante\/dante-strega\/","title":{"rendered":"\u062f\u0627\u0646\u062a\u064a Strega"},"content":{"rendered":"<p>\u064a\u0642\u062f\u0645 \u0644\u0643 Ice Caf\u00e9 \u0642\u0647\u0648\u0629 \u0625\u0633\u0628\u0631\u0633\u0648 DANTE STREGA:  1Kg<\/p>\n<p><strong>-<\/strong> \u0645\u0632\u064a\u062c \u0641\u0631\u064a\u062f \u0645\u0646 6 \u0623\u0635\u0646\u0627\u0641 \u0645\u0646 \u062d\u0628\u0648\u0628 \u0623\u0631\u0627\u0628\u064a\u0643\u0627 \u060c \u0645\u0646 \u0628\u064a\u0646 \u0627\u0644\u0623\u0641\u0636\u0644 \u0641\u064a \u0623\u0645\u0631\u064a\u0643\u0627 \u0627\u0644\u0648\u0633\u0637\u0649 \u0648\u0627\u0644\u062c\u0646\u0648\u0628\u064a\u0629 \u060c \u0645\u0635\u0646\u0639\u0629 \u0628\u0639\u0646\u0627\u064a\u0629 \u0648\u0645\u062e\u0644\u0648\u0637\u0629 \u0628\u0634\u0643\u0644 \u0645\u062b\u0627\u0644\u064a. \u0627\u0644\u0633\u064a\u0645\u0641\u0648\u0646\u064a\u0629 \u0627\u0644\u0645\u062b\u0627\u0644\u064a\u0629 \u0644\u0644\u0630\u0648\u0642 \u0627\u0644\u0631\u0641\u064a\u0639.<\/p>","protected":false},"excerpt":{"rendered":"<strong>-<\/strong> : Une combinaison unique de 6 vari\u00e9t\u00e9s de grains Arabica, parmi les plus raffin\u00e9s d'Am\u00e9rique Centrale et d'Am\u00e9rique du Sud, \u00e9labor\u00e9s avec soin et parfaitement assembl\u00e9. La symphonie parfaite d'un go\u00fbt sup\u00e9rieur.","protected":false},"featured_media":5230,"template":"","meta":{"_mi_skip_tracking":false},"product_cat":[40],"product_tag":[],"class_list":["post-405","product","type-product","status-publish","has-post-thumbnail","hentry","product_cat-cafe-dante"],"aioseo_notices":[],"_links":{"self":[{"href":"https:\/\/icecafe.ma\/ar\/wp-json\/wp\/v2\/product\/405","targetHints":{"allow":["GET"]}}],"collection":[{"href":"https:\/\/icecafe.ma\/ar\/wp-json\/wp\/v2\/product"}],"about":[{"href":"https:\/\/icecafe.ma\/ar\/wp-json\/wp\/v2\/types\/product"}],"wp:featuredmedia":[{"embeddable":true,"href":"https:\/\/icecafe.ma\/ar\/wp-json\/wp\/v2\/media\/5230"}],"wp:attachment":[{"href":"https:\/\/icecafe.ma\/ar\/wp-json\/wp\/v2\/media?parent=405"}],"wp:term":[{"taxonomy":"product_cat","embeddable":true,"href":"https:\/\/icecafe.ma\/ar\/wp-json\/wp\/v2\/product_cat?post=405"},{"taxonomy":"product_tag","embeddable":true,"href":"https:\/\/icecafe.ma\/ar\/wp-json\/wp\/v2\/product_tag?post=405"}],"curies":[{"name":"wp","href":"https:\/\/api.w.org\/{rel}","templated":true}]}}