{"id":397,"date":"2020-05-10T10:38:44","date_gmt":"2020-05-10T10:38:44","guid":{"rendered":"http:\/\/redhost:8888\/amaya\/?post_type=product&#038;p=397"},"modified":"2022-08-24T19:52:29","modified_gmt":"2022-08-24T19:52:29","slug":"cafe-moulu-raffine","status":"publish","type":"product","link":"https:\/\/icecafe.ma\/ar\/shop\/cafe-moulu\/cafe-moulu-raffine\/","title":{"rendered":"\u0642\u0647\u0648\u0629 \u0645\u0637\u062d\u0648\u0646\u0629 Raffine"},"content":{"rendered":"<p>\u064a\u0642\u062f\u0645 \u0644\u0643 ice caf\u00e9 \u0642\u0647\u0648\u0629 \u0645\u0637\u062d\u0648\u0646\u0629 \u0646\u0642\u064a\u0629: NZAHA 125g | 250 \u062c\u0631\u0627\u0645<\/p>\n<p><strong>\u0642\u0647\u0648\u0629 \u0645\u0637\u062d\u0648\u0646\u0629 Raffine<\/strong> M\u00e9lange de caf\u00e9 velout\u00e9 \u00e0 torr\u00e9faction l\u00e9g\u00e8re \u00e0 moyenne avec un caract\u00e8re \u00e9quilibr\u00e9 et une bonne acidit\u00e9, rehauss\u00e9 de saveurs des fruit\u00e9es agr\u00e9ables avec une note finale soyeuse et sophistiqu\u00e9e<\/p>","protected":false},"excerpt":{"rendered":"<strong>\u0645\u0632\u064a\u062c \u0645\u0646 \u0627\u0644\u0628\u0646 \u0627\u0644\u0645\u062e\u0645\u0644\u064a \u0627\u0644\u062e\u0641\u064a\u0641 \u0625\u0644\u0649 \u0627\u0644\u0645\u062a\u0648\u0633\u0637 \u200b\u200b\u0645\u0639 \u0637\u0627\u0628\u0639 \u0645\u062a\u0648\u0627\u0632\u0646 \u0648\u062d\u0645\u0648\u0636\u0629 \u062c\u064a\u062f\u0629 \u060c \u0645\u0639\u0632\u0632\u0629 \u0628\u0646\u0643\u0647\u0627\u062a \u0641\u0627\u0643\u0647\u064a\u0629 \u0644\u0637\u064a\u0641\u0629 \u0645\u0639 \u0644\u0645\u0633\u0629 \u0646\u0647\u0627\u0626\u064a\u0629 \u062d\u0631\u064a\u0631\u064a\u0629 \u0648\u0645\u062a\u0637\u0648\u0631\u0629.<\/strong> m\u00e9lange de caf\u00e9 velout\u00e9 \u00e0 torr\u00e9faction l\u00e9g\u00e8re \u00e0 moyenne avec un caract\u00e8re \u00e9quilibr\u00e9 et une bonne acidit\u00e9, rehauss\u00e9 de saveurs des fruit\u00e9es agr\u00e9ables avec une note finale soyeuse et sophistiqu\u00e9e.","protected":false},"featured_media":4341,"template":"","meta":{"_mi_skip_tracking":false},"product_cat":[53],"product_tag":[],"class_list":["post-397","product","type-product","status-publish","has-post-thumbnail","hentry","product_cat-cafe-moulu"],"aioseo_notices":[],"_links":{"self":[{"href":"https:\/\/icecafe.ma\/ar\/wp-json\/wp\/v2\/product\/397","targetHints":{"allow":["GET"]}}],"collection":[{"href":"https:\/\/icecafe.ma\/ar\/wp-json\/wp\/v2\/product"}],"about":[{"href":"https:\/\/icecafe.ma\/ar\/wp-json\/wp\/v2\/types\/product"}],"wp:featuredmedia":[{"embeddable":true,"href":"https:\/\/icecafe.ma\/ar\/wp-json\/wp\/v2\/media\/4341"}],"wp:attachment":[{"href":"https:\/\/icecafe.ma\/ar\/wp-json\/wp\/v2\/media?parent=397"}],"wp:term":[{"taxonomy":"product_cat","embeddable":true,"href":"https:\/\/icecafe.ma\/ar\/wp-json\/wp\/v2\/product_cat?post=397"},{"taxonomy":"product_tag","embeddable":true,"href":"https:\/\/icecafe.ma\/ar\/wp-json\/wp\/v2\/product_tag?post=397"}],"curies":[{"name":"wp","href":"https:\/\/api.w.org\/{rel}","templated":true}]}}