{"id":4640,"date":"2022-02-20T22:14:12","date_gmt":"2022-02-20T22:14:12","guid":{"rendered":"https:\/\/test8.rachid.digital\/?page_id=4640"},"modified":"2022-04-13T00:18:40","modified_gmt":"2022-04-13T00:18:40","slug":"machine-a-cafe","status":"publish","type":"page","link":"https:\/\/icecafe.ma\/ar\/machine-a-cafe\/","title":{"rendered":"\u0645\u0627\u0643\u064a\u0646\u0627\u062a \u0627\u0644\u0642\u0647\u0648\u0629"},"content":{"rendered":"<h2 class=\"has-text-align-center wp-block-heading\"><\/h2>\n\n\n<div class=\"woocommerce columns-4\"><ul class=\"products columns-4\">\n<li class=\"product type-product post-4637 status-publish first instock product_cat-machine-a-cafe-ice-cafe-meknes has-post-thumbnail shipping-taxable purchasable product-type-simple\">\n\t<\/a><a class=\"xoo-qv-button\" data-qv-id = \"4637\">\u0623\u0636\u0641 \u0627\u0644\u0649 \u0633\u0640\u0640\u0640\u0640\u0640\u0640\u0644\u062a\u0640\u0640\u0643<\/a><a href=\"https:\/\/icecafe.ma\/ar\/shop\/machine-a-cafe-ice-cafe-meknes\/magister-2-groupe-automatique\/\" class=\"woocommerce-LoopProduct-link woocommerce-loop-product__link\"><a class=\"cowfw-whatsapp-btn\" data-href=\"https:\/\/web.whatsapp.com\/send?phone=+212766015593&#038;text=Bonjour,%20je%20souhaite%20acheter%20Magister%202%20Groupe%20Automatique.\" href=\"https:\/\/web.whatsapp.com\/send?phone=+212766015593&amp;text=Bonjour, je souhaite acheter Magister 2 Groupe Automatique.\" target=\"_blank\"><svg xmlns=\"http:\/\/www.w3.org\/2000\/svg\" width=\"24\" height=\"24\" viewbox=\"0 0 24 24\"><path d=\"M.057 24l1.687-6.163c-1.041-1.804-1.588-3.849-1.587-5.946.003-6.556 5.338-11.891 11.893-11.891 3.181.001 6.167 1.24 8.413 3.488 2.245 2.248 3.481 5.236 3.48 8.414-.003 6.557-5.338 11.892-11.893 11.892-1.99-.001-3.951-.5-5.688-1.448l-6.305 1.654zm6.597-3.807c1.676.995 3.276 1.591 5.392 1.592 5.448 0 9.886-4.434 9.889-9.885.002-5.462-4.415-9.89-9.881-9.892-5.452 0-9.887 4.434-9.889 9.884-.001 2.225.651 3.891 1.746 5.634l-.999 3.648 3.742-.981zm11.387-5.464c-.074-.124-.272-.198-.57-.347-.297-.149-1.758-.868-2.031-.967-.272-.099-.47-.149-.669.149-.198.297-.768.967-.941 1.165-.173.198-.347.223-.644.074-.297-.149-1.255-.462-2.39-1.475-.883-.788-1.48-1.761-1.653-2.059-.173-.297-.018-.458.13-.606.134-.133.297-.347.446-.521.151-.172.2-.296.3-.495.099-.198.05-.372-.025-.521-.075-.148-.669-1.611-.916-2.206-.242-.579-.487-.501-.669-.51l-.57-.01c-.198 0-.52.074-.792.372s-1.04 1.016-1.04 2.479 1.065 2.876 1.213 3.074c.149.198 2.095 3.2 5.076 4.487.709.306 1.263.489 1.694.626.712.226 1.36.194 1.872.118.571-.085 1.758-.719 2.006-1.413.248-.695.248-1.29.173-1.414z\" \/><\/svg>\u0634\u0631\u0627\u0621 \u0639\u0628\u0631 \u0627\u0644\u0648\u0627\u062a\u0633\u0627\u0628 <\/a><\/li>\n<li class=\"product type-product post-4639 status-publish instock product_cat-machine-a-cafe-ice-cafe-meknes has-post-thumbnail shipping-taxable purchasable product-type-simple\">\n\t<\/a><a class=\"xoo-qv-button\" data-qv-id = \"4639\">\u0623\u0636\u0641 \u0627\u0644\u0649 \u0633\u0640\u0640\u0640\u0640\u0640\u0640\u0644\u062a\u0640\u0640\u0643<\/a><a href=\"https:\/\/icecafe.ma\/ar\/shop\/machine-a-cafe-ice-cafe-meknes\/magister-2-groupesemi-automatique\/\" class=\"woocommerce-LoopProduct-link woocommerce-loop-product__link\"><a class=\"cowfw-whatsapp-btn\" data-href=\"https:\/\/web.whatsapp.com\/send?phone=+212766015593&#038;text=Bonjour,%20je%20souhaite%20acheter%20Magister%202%20Groupe%20Semi-Automatique.\" href=\"https:\/\/web.whatsapp.com\/send?phone=+212766015593&amp;text=Bonjour, je souhaite acheter Magister 2 Groupe Semi-Automatique.\" target=\"_blank\"><svg xmlns=\"http:\/\/www.w3.org\/2000\/svg\" width=\"24\" height=\"24\" viewbox=\"0 0 24 24\"><path d=\"M.057 24l1.687-6.163c-1.041-1.804-1.588-3.849-1.587-5.946.003-6.556 5.338-11.891 11.893-11.891 3.181.001 6.167 1.24 8.413 3.488 2.245 2.248 3.481 5.236 3.48 8.414-.003 6.557-5.338 11.892-11.893 11.892-1.99-.001-3.951-.5-5.688-1.448l-6.305 1.654zm6.597-3.807c1.676.995 3.276 1.591 5.392 1.592 5.448 0 9.886-4.434 9.889-9.885.002-5.462-4.415-9.89-9.881-9.892-5.452 0-9.887 4.434-9.889 9.884-.001 2.225.651 3.891 1.746 5.634l-.999 3.648 3.742-.981zm11.387-5.464c-.074-.124-.272-.198-.57-.347-.297-.149-1.758-.868-2.031-.967-.272-.099-.47-.149-.669.149-.198.297-.768.967-.941 1.165-.173.198-.347.223-.644.074-.297-.149-1.255-.462-2.39-1.475-.883-.788-1.48-1.761-1.653-2.059-.173-.297-.018-.458.13-.606.134-.133.297-.347.446-.521.151-.172.2-.296.3-.495.099-.198.05-.372-.025-.521-.075-.148-.669-1.611-.916-2.206-.242-.579-.487-.501-.669-.51l-.57-.01c-.198 0-.52.074-.792.372s-1.04 1.016-1.04 2.479 1.065 2.876 1.213 3.074c.149.198 2.095 3.2 5.076 4.487.709.306 1.263.489 1.694.626.712.226 1.36.194 1.872.118.571-.085 1.758-.719 2.006-1.413.248-.695.248-1.29.173-1.414z\" \/><\/svg>\u0634\u0631\u0627\u0621 \u0639\u0628\u0631 \u0627\u0644\u0648\u0627\u062a\u0633\u0627\u0628 <\/a><\/li>\n<li class=\"product type-product post-4632 status-publish instock product_cat-machine-a-cafe-ice-cafe-meknes has-post-thumbnail shipping-taxable purchasable product-type-simple\">\n\t<\/a><a class=\"xoo-qv-button\" data-qv-id = \"4632\">\u0623\u0636\u0641 \u0627\u0644\u0649 \u0633\u0640\u0640\u0640\u0640\u0640\u0640\u0644\u062a\u0640\u0640\u0643<\/a><a href=\"https:\/\/icecafe.ma\/ar\/shop\/machine-a-cafe-ice-cafe-meknes\/magister-3-groupe-automatique\/\" class=\"woocommerce-LoopProduct-link woocommerce-loop-product__link\"><a class=\"cowfw-whatsapp-btn\" data-href=\"https:\/\/web.whatsapp.com\/send?phone=+212766015593&#038;text=Bonjour,%20je%20souhaite%20acheter%20Magister%203%20Groupe%20Automatique.\" href=\"https:\/\/web.whatsapp.com\/send?phone=+212766015593&amp;text=Bonjour, je souhaite acheter Magister 3 Groupe Automatique.\" target=\"_blank\"><svg xmlns=\"http:\/\/www.w3.org\/2000\/svg\" width=\"24\" height=\"24\" viewbox=\"0 0 24 24\"><path d=\"M.057 24l1.687-6.163c-1.041-1.804-1.588-3.849-1.587-5.946.003-6.556 5.338-11.891 11.893-11.891 3.181.001 6.167 1.24 8.413 3.488 2.245 2.248 3.481 5.236 3.48 8.414-.003 6.557-5.338 11.892-11.893 11.892-1.99-.001-3.951-.5-5.688-1.448l-6.305 1.654zm6.597-3.807c1.676.995 3.276 1.591 5.392 1.592 5.448 0 9.886-4.434 9.889-9.885.002-5.462-4.415-9.89-9.881-9.892-5.452 0-9.887 4.434-9.889 9.884-.001 2.225.651 3.891 1.746 5.634l-.999 3.648 3.742-.981zm11.387-5.464c-.074-.124-.272-.198-.57-.347-.297-.149-1.758-.868-2.031-.967-.272-.099-.47-.149-.669.149-.198.297-.768.967-.941 1.165-.173.198-.347.223-.644.074-.297-.149-1.255-.462-2.39-1.475-.883-.788-1.48-1.761-1.653-2.059-.173-.297-.018-.458.13-.606.134-.133.297-.347.446-.521.151-.172.2-.296.3-.495.099-.198.05-.372-.025-.521-.075-.148-.669-1.611-.916-2.206-.242-.579-.487-.501-.669-.51l-.57-.01c-.198 0-.52.074-.792.372s-1.04 1.016-1.04 2.479 1.065 2.876 1.213 3.074c.149.198 2.095 3.2 5.076 4.487.709.306 1.263.489 1.694.626.712.226 1.36.194 1.872.118.571-.085 1.758-.719 2.006-1.413.248-.695.248-1.29.173-1.414z\" \/><\/svg>\u0634\u0631\u0627\u0621 \u0639\u0628\u0631 \u0627\u0644\u0648\u0627\u062a\u0633\u0627\u0628 <\/a><\/li>\n<li class=\"product type-product post-4638 status-publish last instock product_cat-machine-a-cafe-ice-cafe-meknes has-post-thumbnail shipping-taxable purchasable product-type-simple\">\n\t<\/a><a class=\"xoo-qv-button\" data-qv-id = \"4638\">\u0623\u0636\u0641 \u0627\u0644\u0649 \u0633\u0640\u0640\u0640\u0640\u0640\u0640\u0644\u062a\u0640\u0640\u0643<\/a><a href=\"https:\/\/icecafe.ma\/ar\/shop\/machine-a-cafe-ice-cafe-meknes\/magister-3-groupe-semi-automatique\/\" class=\"woocommerce-LoopProduct-link woocommerce-loop-product__link\"><a class=\"cowfw-whatsapp-btn\" data-href=\"https:\/\/web.whatsapp.com\/send?phone=+212766015593&#038;text=Bonjour,%20je%20souhaite%20acheter%20Magister%203%20Groupe%20Semi-Automatique.\" href=\"https:\/\/web.whatsapp.com\/send?phone=+212766015593&amp;text=Bonjour, je souhaite acheter Magister 3 Groupe Semi-Automatique.\" target=\"_blank\"><svg xmlns=\"http:\/\/www.w3.org\/2000\/svg\" width=\"24\" height=\"24\" viewbox=\"0 0 24 24\"><path d=\"M.057 24l1.687-6.163c-1.041-1.804-1.588-3.849-1.587-5.946.003-6.556 5.338-11.891 11.893-11.891 3.181.001 6.167 1.24 8.413 3.488 2.245 2.248 3.481 5.236 3.48 8.414-.003 6.557-5.338 11.892-11.893 11.892-1.99-.001-3.951-.5-5.688-1.448l-6.305 1.654zm6.597-3.807c1.676.995 3.276 1.591 5.392 1.592 5.448 0 9.886-4.434 9.889-9.885.002-5.462-4.415-9.89-9.881-9.892-5.452 0-9.887 4.434-9.889 9.884-.001 2.225.651 3.891 1.746 5.634l-.999 3.648 3.742-.981zm11.387-5.464c-.074-.124-.272-.198-.57-.347-.297-.149-1.758-.868-2.031-.967-.272-.099-.47-.149-.669.149-.198.297-.768.967-.941 1.165-.173.198-.347.223-.644.074-.297-.149-1.255-.462-2.39-1.475-.883-.788-1.48-1.761-1.653-2.059-.173-.297-.018-.458.13-.606.134-.133.297-.347.446-.521.151-.172.2-.296.3-.495.099-.198.05-.372-.025-.521-.075-.148-.669-1.611-.916-2.206-.242-.579-.487-.501-.669-.51l-.57-.01c-.198 0-.52.074-.792.372s-1.04 1.016-1.04 2.479 1.065 2.876 1.213 3.074c.149.198 2.095 3.2 5.076 4.487.709.306 1.263.489 1.694.626.712.226 1.36.194 1.872.118.571-.085 1.758-.719 2.006-1.413.248-.695.248-1.29.173-1.414z\" \/><\/svg>\u0634\u0631\u0627\u0621 \u0639\u0628\u0631 \u0627\u0644\u0648\u0627\u062a\u0633\u0627\u0628 <\/a><\/li>\n<\/ul>\n<\/div>","protected":false},"excerpt":{"rendered":"Machine \u00e0 caf\u00e9 semi-automatique avec d\u00e9bit continu. Disponible dans les mod\u00e8les KMS60 1 groupe, KMS70 2 groupes compacte, KMS100 2, 3, 4 groupes. ...","protected":false},"author":1,"featured_media":0,"parent":0,"menu_order":0,"comment_status":"closed","ping_status":"closed","template":"","meta":{"_mi_skip_tracking":false,"footnotes":""},"class_list":["post-4640","page","type-page","status-publish","hentry"],"aioseo_notices":[],"_links":{"self":[{"href":"https:\/\/icecafe.ma\/ar\/wp-json\/wp\/v2\/pages\/4640","targetHints":{"allow":["GET"]}}],"collection":[{"href":"https:\/\/icecafe.ma\/ar\/wp-json\/wp\/v2\/pages"}],"about":[{"href":"https:\/\/icecafe.ma\/ar\/wp-json\/wp\/v2\/types\/page"}],"author":[{"embeddable":true,"href":"https:\/\/icecafe.ma\/ar\/wp-json\/wp\/v2\/users\/1"}],"replies":[{"embeddable":true,"href":"https:\/\/icecafe.ma\/ar\/wp-json\/wp\/v2\/comments?post=4640"}],"version-history":[{"count":7,"href":"https:\/\/icecafe.ma\/ar\/wp-json\/wp\/v2\/pages\/4640\/revisions"}],"predecessor-version":[{"id":5745,"href":"https:\/\/icecafe.ma\/ar\/wp-json\/wp\/v2\/pages\/4640\/revisions\/5745"}],"wp:attachment":[{"href":"https:\/\/icecafe.ma\/ar\/wp-json\/wp\/v2\/media?parent=4640"}],"curies":[{"name":"wp","href":"https:\/\/api.w.org\/{rel}","templated":true}]}}