{"id":1195,"date":"2020-06-06T11:45:39","date_gmt":"2020-06-06T11:45:39","guid":{"rendered":"http:\/\/redhost:8888\/amaya\/?page_id=1195"},"modified":"2022-04-13T03:13:39","modified_gmt":"2022-04-13T03:13:39","slug":"faq","status":"publish","type":"page","link":"https:\/\/icecafe.ma\/ar\/faq\/","title":{"rendered":"\u0627\u0644\u0627\u0633\u0626\u0644\u0629 \u0627\u0644\u0634\u0627\u0626\u0639\u0629"},"content":{"rendered":"<p class=\"question\" style=\"font-size:18px\"><strong>QUE FAIRE SI JE VEUX ANNULER MA COMMANDE ?<\/strong><\/p>\n\n\n\n<p class=\"answer\">A: Dans le cas o\u00f9 vous auriez fait une erreur ou avez tout simplement chang\u00e9 d&#8217;id\u00e9e, veuillez-nous en aviser le plus rapidement possible en contactant notre \u00e9quipe exp\u00e9rience<\/p>\n\n\n\n<p class=\"question\" style=\"font-size:18px\"><strong>Q: Do you offer international shipping?<\/strong><\/p>\n\n\n\n<p class=\"answer\">A: La livraison standard est g\u00e9n\u00e9ralement effectu\u00e9e par nous equipes dans un d\u00e9lai de 4 \u00e0 7 jours ouvrables.<\/p>\n\n\n\n<p><\/p>\n\n\n\n<p>Si vous ne trouvez pas la r\u00e9ponse \u00e0 votre question, n\u2019h\u00e9sitez pas \u00e0 contacter notre service \u00e0 la client\u00e8le en cliquant sur l&#8217;icone de whatsapp .<\/p>","protected":false},"excerpt":{"rendered":"QUE FAIRE SI JE VEUX ANNULER MA COMMANDE ? A: Dans le cas o\u00f9 vous auriez fait une erreur ou avez tout simplement ...","protected":false},"author":1,"featured_media":0,"parent":0,"menu_order":19,"comment_status":"closed","ping_status":"closed","template":"","meta":{"_mi_skip_tracking":false,"footnotes":""},"class_list":["post-1195","page","type-page","status-publish","hentry"],"aioseo_notices":[],"_links":{"self":[{"href":"https:\/\/icecafe.ma\/ar\/wp-json\/wp\/v2\/pages\/1195","targetHints":{"allow":["GET"]}}],"collection":[{"href":"https:\/\/icecafe.ma\/ar\/wp-json\/wp\/v2\/pages"}],"about":[{"href":"https:\/\/icecafe.ma\/ar\/wp-json\/wp\/v2\/types\/page"}],"author":[{"embeddable":true,"href":"https:\/\/icecafe.ma\/ar\/wp-json\/wp\/v2\/users\/1"}],"replies":[{"embeddable":true,"href":"https:\/\/icecafe.ma\/ar\/wp-json\/wp\/v2\/comments?post=1195"}],"version-history":[{"count":4,"href":"https:\/\/icecafe.ma\/ar\/wp-json\/wp\/v2\/pages\/1195\/revisions"}],"predecessor-version":[{"id":5767,"href":"https:\/\/icecafe.ma\/ar\/wp-json\/wp\/v2\/pages\/1195\/revisions\/5767"}],"wp:attachment":[{"href":"https:\/\/icecafe.ma\/ar\/wp-json\/wp\/v2\/media?parent=1195"}],"curies":[{"name":"wp","href":"https:\/\/api.w.org\/{rel}","templated":true}]}}